{"id":1313,"date":"2025-07-17T14:55:09","date_gmt":"2025-07-17T13:55:09","guid":{"rendered":"https:\/\/josecatoira.com\/jose-catoira-violin-maker-and-restorer\/"},"modified":"2025-07-20T20:06:39","modified_gmt":"2025-07-20T19:06:39","slug":"jose-catoira-violin-maker-and-restorer","status":"publish","type":"page","link":"https:\/\/josecatoira.com\/en\/","title":{"rendered":"Jose Catoira &#8211; violin maker and restorer"},"content":{"rendered":"\t\t<div data-elementor-type=\"wp-page\" data-elementor-id=\"1313\" class=\"elementor elementor-1313 elementor-1126\" data-elementor-post-type=\"page\">\n\t\t\t\t<div class=\"elementor-element elementor-element-0077fb6 e-flex e-con-boxed e-con e-parent\" data-id=\"0077fb6\" data-element_type=\"container\" data-e-type=\"container\">\n\t\t\t\t\t<div class=\"e-con-inner\">\n\t\t\t\t<div class=\"elementor-element elementor-element-b88d405 elementor-widget elementor-widget-image\" data-id=\"b88d405\" data-element_type=\"widget\" data-e-type=\"widget\" data-widget_type=\"image.default\">\n\t\t\t\t<div class=\"elementor-widget-container\">\n\t\t\t\t\t\t\t\t\t\t\t\t\t\t\t<img fetchpriority=\"high\" decoding=\"async\" width=\"1536\" height=\"2048\" src=\"https:\/\/josecatoira.com\/wp-content\/uploads\/2025\/07\/ARTESANIA-009-BAJA-1536x2048.jpg\" class=\"attachment-2048x2048 size-2048x2048 wp-image-1194\" alt=\"\" srcset=\"https:\/\/josecatoira.com\/wp-content\/uploads\/2025\/07\/ARTESANIA-009-BAJA-1536x2048.jpg 1536w, https:\/\/josecatoira.com\/wp-content\/uploads\/2025\/07\/ARTESANIA-009-BAJA-225x300.jpg 225w, https:\/\/josecatoira.com\/wp-content\/uploads\/2025\/07\/ARTESANIA-009-BAJA-768x1024.jpg 768w, https:\/\/josecatoira.com\/wp-content\/uploads\/2025\/07\/ARTESANIA-009-BAJA-1152x1536.jpg 1152w, https:\/\/josecatoira.com\/wp-content\/uploads\/2025\/07\/ARTESANIA-009-BAJA-scaled.jpg 1920w\" sizes=\"(max-width: 1536px) 100vw, 1536px\" \/>\t\t\t\t\t\t\t\t\t\t\t\t\t\t\t<\/div>\n\t\t\t\t<\/div>\n\t\t\t\t<div class=\"elementor-element elementor-element-459dd1c elementor-widget elementor-widget-text-editor\" data-id=\"459dd1c\" data-element_type=\"widget\" data-e-type=\"widget\" data-widget_type=\"text-editor.default\">\n\t\t\t\t<div class=\"elementor-widget-container\">\n\t\t\t\t\t\t\t\t\t<p>Violin making and restoration studio in A Coru\u00f1a and Cremona.<\/p>\n<p>Contemporary and vintage instruments.<\/p>\n\t\t\t\t\t\t\t\t<\/div>\n\t\t\t\t<\/div>\n\t\t\t\t\t<\/div>\n\t\t\t\t<\/div>\n\t\t<div class=\"elementor-element elementor-element-6fbc42f e-flex e-con-boxed e-con e-parent\" data-id=\"6fbc42f\" data-element_type=\"container\" data-e-type=\"container\">\n\t\t\t\t\t<div class=\"e-con-inner\">\n\t\t\t\t<div class=\"elementor-element elementor-element-3e0d246 elementor-widget-divider--view-line elementor-widget elementor-widget-divider\" data-id=\"3e0d246\" data-element_type=\"widget\" data-e-type=\"widget\" data-widget_type=\"divider.default\">\n\t\t\t\t<div class=\"elementor-widget-container\">\n\t\t\t\t\t\t\t<div class=\"elementor-divider\">\n\t\t\t<span class=\"elementor-divider-separator\">\n\t\t\t\t\t\t<\/span>\n\t\t<\/div>\n\t\t\t\t\t\t<\/div>\n\t\t\t\t<\/div>\n\t\t\t\t<div class=\"elementor-element elementor-element-b8c2cfb elementor-widget elementor-widget-heading\" data-id=\"b8c2cfb\" data-element_type=\"widget\" data-e-type=\"widget\" data-widget_type=\"heading.default\">\n\t\t\t\t<div class=\"elementor-widget-container\">\n\t\t\t\t\t<h3 class=\"elementor-heading-title elementor-size-default\">Violin 2024 Jose Catoira<\/h3>\t\t\t\t<\/div>\n\t\t\t\t<\/div>\n\t\t<div class=\"elementor-element elementor-element-6b30c21 e-con-full e-flex e-con e-child\" data-id=\"6b30c21\" data-element_type=\"container\" data-e-type=\"container\">\n\t\t\t\t<div class=\"elementor-element elementor-element-34910a6 elementor-widget elementor-widget-image\" data-id=\"34910a6\" data-element_type=\"widget\" data-e-type=\"widget\" data-widget_type=\"image.default\">\n\t\t\t\t<div class=\"elementor-widget-container\">\n\t\t\t\t\t\t\t\t\t\t\t\t\t\t\t\t<a href=\"https:\/\/josecatoira.com\/en\/violin\/\">\n\t\t\t\t\t\t\t<img decoding=\"async\" width=\"683\" height=\"1024\" src=\"https:\/\/josecatoira.com\/wp-content\/uploads\/2025\/07\/167-Jose-Catoira-2024-Vn-TESTA-05.jpg-683x1024.jpg\" class=\"attachment-large size-large wp-image-1184\" alt=\"\" srcset=\"https:\/\/josecatoira.com\/wp-content\/uploads\/2025\/07\/167-Jose-Catoira-2024-Vn-TESTA-05.jpg-683x1024.jpg 683w, https:\/\/josecatoira.com\/wp-content\/uploads\/2025\/07\/167-Jose-Catoira-2024-Vn-TESTA-05.jpg-200x300.jpg 200w, https:\/\/josecatoira.com\/wp-content\/uploads\/2025\/07\/167-Jose-Catoira-2024-Vn-TESTA-05.jpg-768x1152.jpg 768w, https:\/\/josecatoira.com\/wp-content\/uploads\/2025\/07\/167-Jose-Catoira-2024-Vn-TESTA-05.jpg-1024x1536.jpg 1024w, https:\/\/josecatoira.com\/wp-content\/uploads\/2025\/07\/167-Jose-Catoira-2024-Vn-TESTA-05.jpg-1365x2048.jpg 1365w, https:\/\/josecatoira.com\/wp-content\/uploads\/2025\/07\/167-Jose-Catoira-2024-Vn-TESTA-05.jpg-scaled.jpg 1707w\" sizes=\"(max-width: 683px) 100vw, 683px\" \/>\t\t\t\t\t\t\t\t<\/a>\n\t\t\t\t\t\t\t\t\t\t\t\t\t\t\t<\/div>\n\t\t\t\t<\/div>\n\t\t\t\t<div class=\"elementor-element elementor-element-20d445b elementor-widget elementor-widget-image\" data-id=\"20d445b\" data-element_type=\"widget\" data-e-type=\"widget\" data-widget_type=\"image.default\">\n\t\t\t\t<div class=\"elementor-widget-container\">\n\t\t\t\t\t\t\t\t\t\t\t\t\t\t\t\t<a href=\"https:\/\/josecatoira.com\/en\/violin\/\">\n\t\t\t\t\t\t\t<img decoding=\"async\" width=\"683\" height=\"1024\" src=\"https:\/\/josecatoira.com\/wp-content\/uploads\/2025\/07\/167-Jose-Catoira-2024-Vn-CASSA-016.jpg-683x1024.jpg\" class=\"attachment-large size-large wp-image-1180\" alt=\"\" srcset=\"https:\/\/josecatoira.com\/wp-content\/uploads\/2025\/07\/167-Jose-Catoira-2024-Vn-CASSA-016.jpg-683x1024.jpg 683w, https:\/\/josecatoira.com\/wp-content\/uploads\/2025\/07\/167-Jose-Catoira-2024-Vn-CASSA-016.jpg-200x300.jpg 200w, https:\/\/josecatoira.com\/wp-content\/uploads\/2025\/07\/167-Jose-Catoira-2024-Vn-CASSA-016.jpg-768x1152.jpg 768w, https:\/\/josecatoira.com\/wp-content\/uploads\/2025\/07\/167-Jose-Catoira-2024-Vn-CASSA-016.jpg-1024x1536.jpg 1024w, https:\/\/josecatoira.com\/wp-content\/uploads\/2025\/07\/167-Jose-Catoira-2024-Vn-CASSA-016.jpg-1365x2048.jpg 1365w, https:\/\/josecatoira.com\/wp-content\/uploads\/2025\/07\/167-Jose-Catoira-2024-Vn-CASSA-016.jpg-scaled.jpg 1707w\" sizes=\"(max-width: 683px) 100vw, 683px\" \/>\t\t\t\t\t\t\t\t<\/a>\n\t\t\t\t\t\t\t\t\t\t\t\t\t\t\t<\/div>\n\t\t\t\t<\/div>\n\t\t\t\t<div class=\"elementor-element elementor-element-ce72591 elementor-widget elementor-widget-text-editor\" data-id=\"ce72591\" data-element_type=\"widget\" data-e-type=\"widget\" data-widget_type=\"text-editor.default\">\n\t\t\t\t<div class=\"elementor-widget-container\">\n\t\t\t\t\t\t\t\t\t<p>Violin by Jose Catoira made in 2024, inspired on a late Guarneri del Gesu, circa 1740.<\/p>\n<p>This instrument was a bespoke comission for Amorim Fine Violins of Cremona for their curated selection of contemporary instruments.<\/p>\n\t\t\t\t\t\t\t\t<\/div>\n\t\t\t\t<\/div>\n\t\t\t\t<\/div>\n\t\t\t\t\t<\/div>\n\t\t\t\t<\/div>\n\t\t<div class=\"elementor-element elementor-element-0e393e6 e-flex e-con-boxed e-con e-parent\" data-id=\"0e393e6\" data-element_type=\"container\" data-e-type=\"container\">\n\t\t\t\t\t<div class=\"e-con-inner\">\n\t\t\t\t<div class=\"elementor-element elementor-element-fe78548 e-transform elementor-widget elementor-widget-heading\" data-id=\"fe78548\" data-element_type=\"widget\" data-e-type=\"widget\" data-settings=\"{&quot;_transform_rotateZ_effect&quot;:{&quot;unit&quot;:&quot;px&quot;,&quot;size&quot;:0,&quot;sizes&quot;:[]},&quot;_transform_rotateZ_effect_tablet&quot;:{&quot;unit&quot;:&quot;deg&quot;,&quot;size&quot;:&quot;&quot;,&quot;sizes&quot;:[]},&quot;_transform_rotateZ_effect_mobile&quot;:{&quot;unit&quot;:&quot;deg&quot;,&quot;size&quot;:&quot;&quot;,&quot;sizes&quot;:[]}}\" data-widget_type=\"heading.default\">\n\t\t\t\t<div class=\"elementor-widget-container\">\n\t\t\t\t\t<h3 class=\"elementor-heading-title elementor-size-default\">Studio en  Cremona<\/h3>\t\t\t\t<\/div>\n\t\t\t\t<\/div>\n\t\t\t\t<div class=\"elementor-element elementor-element-bf7831f elementor-widget elementor-widget-text-editor\" data-id=\"bf7831f\" data-element_type=\"widget\" data-e-type=\"widget\" data-widget_type=\"text-editor.default\">\n\t\t\t\t<div class=\"elementor-widget-container\">\n\t\t\t\t\t\t\t\t\t<p>Tras una visita prolongada a Cremona, capital mundial de la luther\u00eda de arco, un grupo de amigos decidimos adquirir un local en el coraz\u00f3n de la ciudad y as\u00ed poder disfrutar de estancias de trabajo de manera frecuente y aprovechar los momentos de inspiraci\u00f3n que \u00e9sto ofrece para nuestro oficio.<\/p>\n<p>Construyo uno o dos instrumentos al a\u00f1o en Cremona, y van etiquetados conforme a ello, con la direcci\u00f3n de la bottega:<\/p>\n<p style=\"text-align: center;\"><i>\u00a0 <\/i><strong>&#8221;\u00a0 \u00a0 \u00a0Jose Catoira in Piazza Lodi 6 &#8211; Cremona\u00a0 \u00a0 &#8220;<\/strong><\/p>\n<p>El <span style=\"color: #008080;\"><em>Lodi Liutai Collettivo<\/em><\/span> est\u00e1 formado por un grupo de buenos amigos y compa\u00f1eros de profesi\u00f3n participantes del Oberlin Violinmaker\u00b4s Workshop y que han coincidido en numerosas ocasiones en diversas actividades internacionales. El grupo lo componen Ian MacWilliams, Monica Fortin, Melina Polizzi, Meike Aupperle, Robert B. Young y Jose Catoira.\u00a0<\/p>\n<p>Atiendo en el taller de Cremona con cita previa exclusivamente.\u00a0<\/p>\n\t\t\t\t\t\t\t\t<\/div>\n\t\t\t\t<\/div>\n\t\t\t\t<div class=\"elementor-element elementor-element-ac5e12d elementor-widget elementor-widget-image\" data-id=\"ac5e12d\" data-element_type=\"widget\" data-e-type=\"widget\" data-widget_type=\"image.default\">\n\t\t\t\t<div class=\"elementor-widget-container\">\n\t\t\t\t\t\t\t\t\t\t\t\t\t\t\t<img loading=\"lazy\" decoding=\"async\" width=\"800\" height=\"534\" src=\"https:\/\/josecatoira.com\/wp-content\/uploads\/2024\/01\/estudio_cremona-1024x683.webp\" class=\"attachment-large size-large wp-image-986\" alt=\"\" srcset=\"https:\/\/josecatoira.com\/wp-content\/uploads\/2024\/01\/estudio_cremona-1024x683.webp 1024w, https:\/\/josecatoira.com\/wp-content\/uploads\/2024\/01\/estudio_cremona-300x200.webp 300w, https:\/\/josecatoira.com\/wp-content\/uploads\/2024\/01\/estudio_cremona-768x512.webp 768w, https:\/\/josecatoira.com\/wp-content\/uploads\/2024\/01\/estudio_cremona.webp 1200w\" sizes=\"(max-width: 800px) 100vw, 800px\" \/>\t\t\t\t\t\t\t\t\t\t\t\t\t\t\t<\/div>\n\t\t\t\t<\/div>\n\t\t\t\t\t<\/div>\n\t\t\t\t<\/div>\n\t\t<div class=\"elementor-element elementor-element-eb16be1 e-flex e-con-boxed e-con e-parent\" data-id=\"eb16be1\" data-element_type=\"container\" data-e-type=\"container\">\n\t\t\t\t\t<div class=\"e-con-inner\">\n\t\t\t\t<div class=\"elementor-element elementor-element-4fb6105 elementor-widget-divider--view-line elementor-widget elementor-widget-divider\" data-id=\"4fb6105\" data-element_type=\"widget\" data-e-type=\"widget\" data-widget_type=\"divider.default\">\n\t\t\t\t<div class=\"elementor-widget-container\">\n\t\t\t\t\t\t\t<div class=\"elementor-divider\">\n\t\t\t<span class=\"elementor-divider-separator\">\n\t\t\t\t\t\t<\/span>\n\t\t<\/div>\n\t\t\t\t\t\t<\/div>\n\t\t\t\t<\/div>\n\t\t\t\t<div class=\"elementor-element elementor-element-f76b191 e-transform elementor-widget elementor-widget-heading\" data-id=\"f76b191\" data-element_type=\"widget\" data-e-type=\"widget\" data-settings=\"{&quot;_transform_rotateZ_effect&quot;:{&quot;unit&quot;:&quot;px&quot;,&quot;size&quot;:0,&quot;sizes&quot;:[]},&quot;_transform_rotateZ_effect_tablet&quot;:{&quot;unit&quot;:&quot;deg&quot;,&quot;size&quot;:&quot;&quot;,&quot;sizes&quot;:[]},&quot;_transform_rotateZ_effect_mobile&quot;:{&quot;unit&quot;:&quot;deg&quot;,&quot;size&quot;:&quot;&quot;,&quot;sizes&quot;:[]}}\" data-widget_type=\"heading.default\">\n\t\t\t\t<div class=\"elementor-widget-container\">\n\t\t\t\t\t<h3 class=\"elementor-heading-title elementor-size-default\">About me<\/h3>\t\t\t\t<\/div>\n\t\t\t\t<\/div>\n\t\t\t\t<div class=\"elementor-element elementor-element-9e8564a elementor-widget elementor-widget-text-editor\" data-id=\"9e8564a\" data-element_type=\"widget\" data-e-type=\"widget\" data-widget_type=\"text-editor.default\">\n\t\t\t\t<div class=\"elementor-widget-container\">\n\t\t\t\t\t\t\t\t\t<p><span style=\"font-weight: 400;\">Inicio mi periodo formativo en la Escuela Municipal de Artes y Oficios de Vigo, en el a\u00f1o 1999 y en el a\u00f1o 2001, siguiendo el consejo de qui\u00e9n fue para mi siempre una referencia, Jose \u00c1lvarez L\u00f3pez, guitarrero, me mudo a Londres, Inglaterra, donde ya me centro definitivamente en la construcci\u00f3n de viol\u00edn, viola y violonchelo con <\/span><span style=\"font-weight: 400; color: #000000;\">Christopher Thorp<\/span><span style=\"font-weight: 400;\">, en la London Metropolitan University.<\/span><\/p>\n<p><span style=\"font-weight: 400;\">Contin\u00fao mis estudios en la reconocida <span style=\"color: #ff6600;\"><a style=\"color: #ff6600;\" href=\"https:\/\/musicalinstrumentcrafts.co.uk\/\" target=\"_blank\" rel=\"noopener\">Newark School of Violin Making<\/a><\/span>, gradu\u00e1ndome con Diploma Upper Merit.\u00a0<\/span><\/p>\n<p><span style=\"font-weight: 400;\">Mi experiencia profesional me ha llevado a trabajar en los talleres de Juliet Barker &#8211; Cambridge, Fred Oster-Philadelphia, Marc Soubeyran-Ludlow, Germ\u00e1n Arias, y Gonzalo Bayolo &#8211; Galicia, Potters Violins-Washington D.C\u00a0<\/span><\/p>\n<p><span style=\"font-weight: 400;\">Participo regularmente en los encuentros para luthiers profesionales organizados por la Violin Society of America en Oberlin, Ohio y en el encuentro de Brandenburgo, Alemania lo que me permite mantenerme al d\u00eda en las tendencias est\u00e9ticas de construcci\u00f3n y los avances en el estudio de la ac\u00fastica.\u00a0<\/span><\/p>\n<p><span style=\"font-weight: 400;\">Actualmente divido mi tiempo entre A Coru\u00f1a y Cremona, donde construyo instrumentos inspirados en el estudio de la escuela cl\u00e1sica italiana del s XVII y XVIII, y restauro instrumentos antiguos.<\/span><\/p>\n\t\t\t\t\t\t\t\t<\/div>\n\t\t\t\t<\/div>\n\t\t\t\t<div class=\"elementor-element elementor-element-1634409 elementor-widget elementor-widget-image\" data-id=\"1634409\" data-element_type=\"widget\" data-e-type=\"widget\" data-widget_type=\"image.default\">\n\t\t\t\t<div class=\"elementor-widget-container\">\n\t\t\t\t\t\t\t\t\t\t\t\t\t\t\t<img loading=\"lazy\" decoding=\"async\" width=\"800\" height=\"534\" src=\"https:\/\/josecatoira.com\/wp-content\/uploads\/2024\/08\/MG_5797-1024x683.jpg\" class=\"attachment-large size-large wp-image-1037\" alt=\"\" srcset=\"https:\/\/josecatoira.com\/wp-content\/uploads\/2024\/08\/MG_5797-1024x683.jpg 1024w, https:\/\/josecatoira.com\/wp-content\/uploads\/2024\/08\/MG_5797-300x200.jpg 300w, https:\/\/josecatoira.com\/wp-content\/uploads\/2024\/08\/MG_5797-768x512.jpg 768w, https:\/\/josecatoira.com\/wp-content\/uploads\/2024\/08\/MG_5797-1536x1024.jpg 1536w, https:\/\/josecatoira.com\/wp-content\/uploads\/2024\/08\/MG_5797-2048x1365.jpg 2048w\" sizes=\"(max-width: 800px) 100vw, 800px\" \/>\t\t\t\t\t\t\t\t\t\t\t\t\t\t\t<\/div>\n\t\t\t\t<\/div>\n\t\t\t\t\t<\/div>\n\t\t\t\t<\/div>\n\t\t\t\t<section class=\"elementor-section elementor-top-section elementor-element elementor-element-c2aa36e elementor-section-boxed elementor-section-height-default elementor-section-height-default\" data-id=\"c2aa36e\" data-element_type=\"section\" data-e-type=\"section\">\n\t\t\t\t\t\t<div class=\"elementor-container elementor-column-gap-default\">\n\t\t\t\t\t<div class=\"elementor-column elementor-col-100 elementor-top-column elementor-element elementor-element-9828eda\" data-id=\"9828eda\" data-element_type=\"column\" data-e-type=\"column\">\n\t\t\t<div class=\"elementor-widget-wrap elementor-element-populated\">\n\t\t\t\t\t\t<div class=\"elementor-element elementor-element-cee292c elementor-widget-divider--view-line elementor-widget elementor-widget-divider\" data-id=\"cee292c\" data-element_type=\"widget\" data-e-type=\"widget\" data-widget_type=\"divider.default\">\n\t\t\t\t<div class=\"elementor-widget-container\">\n\t\t\t\t\t\t\t<div class=\"elementor-divider\">\n\t\t\t<span class=\"elementor-divider-separator\">\n\t\t\t\t\t\t<\/span>\n\t\t<\/div>\n\t\t\t\t\t\t<\/div>\n\t\t\t\t<\/div>\n\t\t\t\t\t<\/div>\n\t\t<\/div>\n\t\t\t\t\t<\/div>\n\t\t<\/section>\n\t\t\t\t<\/div>\n\t\t","protected":false},"excerpt":{"rendered":"<p>Violin making and restoration studio in A Coru\u00f1a and Cremona. Contemporary and vintage instruments. Violin 2024 Jose Catoira Violin by Jose Catoira made in 2024, inspired on a late Guarneri del Gesu, circa 1740. This instrument was a bespoke comission for Amorim Fine Violins of Cremona for their curated selection of contemporary instruments. Studio en [&hellip;]<\/p>\n","protected":false},"author":1,"featured_media":0,"parent":0,"menu_order":0,"comment_status":"closed","ping_status":"closed","template":"","meta":{"iawp_total_views":75,"footnotes":""},"class_list":["post-1313","page","type-page","status-publish","hentry"],"_links":{"self":[{"href":"https:\/\/josecatoira.com\/en\/wp-json\/wp\/v2\/pages\/1313","targetHints":{"allow":["GET"]}}],"collection":[{"href":"https:\/\/josecatoira.com\/en\/wp-json\/wp\/v2\/pages"}],"about":[{"href":"https:\/\/josecatoira.com\/en\/wp-json\/wp\/v2\/types\/page"}],"author":[{"embeddable":true,"href":"https:\/\/josecatoira.com\/en\/wp-json\/wp\/v2\/users\/1"}],"replies":[{"embeddable":true,"href":"https:\/\/josecatoira.com\/en\/wp-json\/wp\/v2\/comments?post=1313"}],"version-history":[{"count":5,"href":"https:\/\/josecatoira.com\/en\/wp-json\/wp\/v2\/pages\/1313\/revisions"}],"predecessor-version":[{"id":1336,"href":"https:\/\/josecatoira.com\/en\/wp-json\/wp\/v2\/pages\/1313\/revisions\/1336"}],"wp:attachment":[{"href":"https:\/\/josecatoira.com\/en\/wp-json\/wp\/v2\/media?parent=1313"}],"curies":[{"name":"wp","href":"https:\/\/api.w.org\/{rel}","templated":true}]}}